{"id":29,"date":"2015-12-26T22:28:43","date_gmt":"2015-12-26T22:28:43","guid":{"rendered":"http:\/\/lmcontreras.com\/?page_id=29"},"modified":"2022-07-17T17:39:50","modified_gmt":"2022-07-17T17:39:50","slug":"other-professional-activities","status":"publish","type":"page","link":"https:\/\/lmcontreras.com\/index.php\/other-professional-activities\/","title":{"rendered":"Other professional activities"},"content":{"rendered":"<p><strong>Guest Editor<\/strong><\/p>\n<ul>\n<li>Special Issue on &#8220;Machine Learning in WSN and IoT&#8221; in <em>Journal of Sensor and Actuator Networks<\/em> (<a href=\"https:\/\/www.mdpi.com\/journal\/jsan\/special_issues\/ML_WSN_IoT\">https:\/\/www.mdpi.com\/journal\/jsan\/special_issues\/ML_WSN_IoT<\/a> ).<\/li>\n<li>Feature Topic on \u201c5G for Verticals: from Theory to Practice and Beyond\u201d in <em>IEEE Communications Magazine<\/em> &#8211; Q1 journal under JCR categories for \u201cEngineering, Electrical &amp; Electronic\u201d and \u201cTelecommunications\u201d (<a href=\"https:\/\/www.comsoc.org\/publications\/magazines\/ieee-communications-magazine\/cfp\/5g-verticals-theory-practice-and-beyond\">https:\/\/www.comsoc.org\/publications\/magazines\/ieee-communications-magazine\/cfp\/5g-verticals-theory-practice-and-beyond<\/a>).<\/li>\n<li>Special Issue on \u201cNovel Cloud-based Service\/Application Platforms and Ecosystems\u201d in <em>Electronics<\/em> &#8211; Q2 journal under JCR category for \u201cEngineering, Electrical &amp; Electronic\u201d (<a href=\"https:\/\/www.mdpi.com\/journal\/electronics\/special_issues\/Cloud_Service_Platforms\">https:\/\/www.mdpi.com\/journal\/electronics\/special_issues\/Cloud_Service_Platforms<\/a>).<\/li>\n<\/ul>\n<p><strong>Workshop organization<\/strong><\/p>\n<ul>\n<li>Co-chair of the 1st workshop on <em>Business Models and Techno-Economics of 5G Networks and Beyond<\/em>, co-located with the <em>25th Conference on Innovation in Clouds, Internet and Networks (ICIN&#8217;22)<\/em><\/li>\n<li>TPC co-chair of the\u00a0<em>4th Workshop on Advances in Slicing for Softwarized Infrastructures <\/em>(S4SI), co-located with the <em>IEEE Conference on Network Softwarization<\/em> (NetSoft 2021), Tokyo, Japan.<\/li>\n<li>Local Workshop Organisation co-chair of the <em>3rd Mobility Support in Slice-based Network Control for Heterogeneous Environments (MOBISLICE)<\/em>, co-located with the 6th IEEE Conference on Network Function Virtualization and Software Defined Networks (IEEE NFV-SDN), Madrid, Spain (going virtual).<\/li>\n<li>Co-organizer of the <em>3rd Workshop on Advances in Slicing for Softwarized Infrastructures <\/em>(S4SI), co-located with the <em>IEEE Conference on Network Softwarization<\/em> (NetSoft 2020), Ghent, Belgium.<\/li>\n<li>Co-organizer of the <em>2nd Workshop on Advances in Slicing for Softwarized Infrastructures <\/em>(S4SI), co-located with the <em>IEEE Conference on Network Softwarization<\/em> (NetSoft 2019), Paris, France.<\/li>\n<li>Co-organizer of the <em>International Workshop on Cross-Stratum Optimization for Cloud Computing and Distributed Networked Applications<\/em>, co-located with the <em>10th IEEE International Symposium on Parallel and Distributed Processing with Applications<\/em> (ISPA 2012), Legan\u00e9s, Spain.<\/li>\n<\/ul>\n<p><strong>Reviewer<\/strong><\/p>\n<p>Occasional reviewer of papers for <em>IEEE Communications Magazine, IEEE Network, IEEE Transactions on Network and Service Management, <\/em><em>IEEE Communications Letters<\/em>, <em>Transactions on Emerging Telecommunications Technologies (ETT),<\/em> <em>Springer Photonic Network Communications<\/em>, <em>ACM\/Springer Mobile Applications and Networks, <\/em><em>Elsevier Optical Switching and Networking, Telecommunication Systems, Applied Sciences, <\/em>and <em>Wiley International Journal of Communication Systems.<\/em><\/p>\n<p><strong>TPC member<\/strong><\/p>\n<p><em>Conferences<\/em><\/p>\n<ul>\n<li>Conference on Innovation in Clouds, Internet and Networks (ICIN): 2021.<\/li>\n<li>IEEE\/IFIP Network Operations and Management Symposium (NOMS): 2020.<\/li>\n<li>Cloud Services and Networking track in the Annual IEEE Consumer Communications and Networking Conference (CCNC): 2016.<\/li>\n<li>Globecom Selected Areas in Communications Symposium in Cloud Networks: 2014, 2015.<\/li>\n<li>IEEE International Conference on Cloud Networking (CloudNet): 2012, 2013, 2014, 2015<\/li>\n<\/ul>\n<p><em>Workshops<\/em><\/p>\n<ul>\n<li>Workshop on Intelligent Fog and Edge Infrastructures for Future Wireless Systems, co-located with IEEE Globecom 2020.<\/li>\n<li>Workshop on New IP and Future Internet Data Planes (NIPFIP 2020) co-located with the IEEE 5G World Forum 2020.<\/li>\n<li>Workshop on Network Application Integration\/CoDesign co-located with ACM SIGCOMM 2020.<\/li>\n<li>Workshop on Network Slicing 2020 co-located with IFIP Networking 2020<\/li>\n<li>Workshop de Teoria, Tecnologias e Aplica\u00e7\u00f5es de Slicing para Infraestruturas Softwarizadas (WSlice) as part of the Simp\u00f3sio Brasileiro de Redes de Computadores e Sistemas Distribu\u00eddos (SBRC): 2019.<\/li>\n<li>Workshop on Advances in Slicing for Softwarized Infrastructures (S4SI) co-located with the IEEE International Conference on Network Softwarization (NetSoft): 2018, 2019, 2020.<\/li>\n<li>Workshop on Control and management of Vertical slicing including the Edge and Fog Systems (COMPASS) co-located with the IEEE Wireless Communications and Networking Conference: 2018.<\/li>\n<li>IEEE International Workshop on Software Defined 5G Networks (Soft5G) co-located with the IEEE International Conference on Network Softwarization (NetSoft): 2016.<\/li>\n<li>Workshop on Network Infrastructure Services as part of Cloud Computing (NetCloud): 2012, 2013, 2014, 2015.<\/li>\n<\/ul>\n<p><strong>Funded projects evaluation<\/strong><\/p>\n<p>Evaluator\u00a0of proposals for EU funding initiative FRACTALS (<a href=\"http:\/\/fractals-fp7.com\/\">http:\/\/fractals-fp7.com\/<\/a>), 2015.<\/p>\n<p>Evaluator of proposals for the Hungarian National Research, Development and Innovation Office &#8211; NRDI (Nemzeti Kutat\u00e1si, Fejleszt\u00e9si \u00e9s Innov\u00e1ci\u00f3s Hivatal &#8211; NKFIH).<\/p>\n","protected":false},"excerpt":{"rendered":"<p>Guest Editor Special Issue on &#8220;Machine Learning in WSN and IoT&#8221; in Journal of Sensor and Actuator Networks (https:\/\/www.mdpi.com\/journal\/jsan\/special_issues\/ML_WSN_IoT ). Feature Topic on \u201c5G for Verticals: from Theory to Practice and Beyond\u201d in IEEE Communications Magazine &#8211; Q1 journal under JCR categories for \u201cEngineering, Electrical &amp; Electronic\u201d and \u201cTelecommunications\u201d (https:\/\/www.comsoc.org\/publications\/magazines\/ieee-communications-magazine\/cfp\/5g-verticals-theory-practice-and-beyond). Special Issue on \u201cNovel Cloud-based [&hellip;]<\/p>\n","protected":false},"author":1,"featured_media":0,"parent":0,"menu_order":0,"comment_status":"closed","ping_status":"closed","template":"","meta":[],"_links":{"self":[{"href":"https:\/\/lmcontreras.com\/index.php\/wp-json\/wp\/v2\/pages\/29"}],"collection":[{"href":"https:\/\/lmcontreras.com\/index.php\/wp-json\/wp\/v2\/pages"}],"about":[{"href":"https:\/\/lmcontreras.com\/index.php\/wp-json\/wp\/v2\/types\/page"}],"author":[{"embeddable":true,"href":"https:\/\/lmcontreras.com\/index.php\/wp-json\/wp\/v2\/users\/1"}],"replies":[{"embeddable":true,"href":"https:\/\/lmcontreras.com\/index.php\/wp-json\/wp\/v2\/comments?post=29"}],"version-history":[{"count":23,"href":"https:\/\/lmcontreras.com\/index.php\/wp-json\/wp\/v2\/pages\/29\/revisions"}],"predecessor-version":[{"id":489,"href":"https:\/\/lmcontreras.com\/index.php\/wp-json\/wp\/v2\/pages\/29\/revisions\/489"}],"wp:attachment":[{"href":"https:\/\/lmcontreras.com\/index.php\/wp-json\/wp\/v2\/media?parent=29"}],"curies":[{"name":"wp","href":"https:\/\/api.w.org\/{rel}","templated":true}]}}