{"id":31,"date":"2015-12-26T22:28:53","date_gmt":"2015-12-26T22:28:53","guid":{"rendered":"http:\/\/lmcontreras.com\/?page_id=31"},"modified":"2023-01-03T10:41:38","modified_gmt":"2023-01-03T10:41:38","slug":"teaching","status":"publish","type":"page","link":"https:\/\/lmcontreras.com\/index.php\/teaching\/","title":{"rendered":"Teaching"},"content":{"rendered":"<p><strong>Lectures<\/strong><\/p>\n<p><em><strong>Master in SDN and NFV for 5G Networks<\/strong><\/em><\/p>\n<p>I am currently Lecturer in the <strong>Master in SDN and NFV for 5G Networks<\/strong>, organized by the University Carlos III of Madrid and Ericsson.<\/p>\n<p>I lecture in the\u00a0Master&#8217;s courses &#8220;Software Defined Networks (SDN)&#8221;, &#8220;Network Function Virtualization&#8221;, and &#8220;Access and edge networks in 5G&#8221;, providing experience and insights from the latest advances in the industry in general, and Telef\u00f3nica in particular.<\/p>\n<p>Master details can be found here:<br \/><a href=\"https:\/\/www.uc3m.es\/ss\/Satellite\/Postgrado\/en\/Detalle\/Estudio_C\/1371232764892\/1371219633369\/Master_in_NFV_and_SDN_for_5G_networks\">https:\/\/www.uc3m.es\/ss\/Satellite\/Postgrado\/en\/Detalle\/Estudio_C\/1371232764892\/1371219633369\/Master_in_NFV_and_SDN_for_5G_networks<\/a><\/p>\n<p><em><strong>Master in Connected Industry 4.0<\/strong><\/em><\/p>\n<p>I present seminar talks related to the following topics:<\/p>\n<ul>\n<li>5G &#8211; Network Slicing<\/li>\n<li>5G &#8211; Transport protocols<\/li>\n<li>MEC &#8211; Edge computing<\/li>\n<\/ul>\n<p>Master details can be found here:\u00a0<a href=\"https:\/\/www.uc3m.es\/master\/connected-industry-4.0\">https:\/\/www.uc3m.es\/master\/connected-industry-4.0<\/a><\/p>\n<p><em><strong>Adjunct Lecturer (part-time) at the Telematics Dept. of the University Carlos III of Madrid<\/strong><\/em><\/p>\n<p>From February 2002 to February 2010, I was Adjunct Lecturer (part-time) at the Telematics Dept. of the University Carlos III of Madrid, teaching the following subjects:<\/p>\n<ul>\n<li>\u201cMobile and wireless networks\u201d (4th year, B.Sc. in Telematics, 2009\/10).<\/li>\n<li>\u201cCommunication Networks and Services Laboratory\u201d course (2nd year, B.Sc. in Telematics, 2002 to 2009).<\/li>\n<li>\u201cCommunication Networks and Services\u201d (3rd year, M.Sc. in Telecom Eng., 2004).<\/li>\n<li>\u201cData Communication Systems\u201d (4th year, M.Sc. in Computer Science, 2003).<\/li>\n<\/ul>\n<p>During that period I acted as coordinator of the \u201cCommunication Networks and Services Lab\u201d course from 2003 to 2006, and also in 2009.<\/p>\n<p><strong>Students advisory<\/strong><\/p>\n<p>I have had the luck of working with and advising to the following students:<\/p>\n<ul>\n<li>Estefan\u00eda Samaniego Gracia, &#8220;3GPP network slice EP_Transport IOC: IETF NS mapping use cases on top of OpenStack&#8221;, M.Sc. Thesis, Universidad Carlos III de Madrid, 2022.<\/li>\n<li>Kevon Roberts, &#8220;Implementing a 5G network testbed using cloud native open-source software&#8221;, M.Sc. Thesis, Universidad Carlos III de Madrid, 2022.<\/li>\n<li>Hugo Miguel de Barros Monteiro Vaz Pinto, &#8220;Edge Computing Management Harmonization&#8221;, M.Sc. Thesis, Universidad Carlos III de Madrid, 2022.<\/li>\n<li>Jorge Bellver Alvarez, &#8220;Availability in NFV Networks&#8221;, M.Sc. Thesis, Universidad Carlos III de Madrid, 2021.<\/li>\n<li>Ignacio Asensio Labarta, &#8220;Study and recommendations of voice over 5G in a Telco Operator&#8221;, M.Sc. Thesis, Universidad Carlos III de Madrid, 2021.<\/li>\n<li>Mihai Tudor-Lucian Cr\u0103ciun, &#8220;SLA management in the context of NFV-based services&#8221;, M.Sc. Thesis, Universidad Carlos III de Madrid, 2021.<\/li>\n<li>Sergio Vivas, &#8220;Cloud federations for Slice-as-a-Service: a cost-based analysis&#8221;, M.Sc. Thesis, Universidad Aut\u00f3noma de Madrid, 2019.<\/li>\n<li>David Murillo, &#8220;Desarrollo de un escenario virtual de pruebas para redes de transporte inal\u00e1mbricas basadas en la tecnolog\u00eda de redes definidas por software&#8221;, M.Sc. Thesis, Universidad Polit\u00e9cnica de Madrid, 2018.<\/li>\n<li>Nicol\u00e1s Serrano, &#8220;An\u00e1lisis T\u00e9cnico-Econ\u00f3mico en redes m\u00f3viles de nueva generaci\u00f3n con tr\u00e1fico fronthaul\/backhaul integrado&#8221;, M.Sc. Thesis, Universidad Carlos III de Madrid, 2017.<\/li>\n<li>M\u00aa Victoria Alvarez, &#8220;Interconexi\u00f3n de centros de datos mediante t\u00e9cnicas SDN&#8221;,\u00a0B.Sc. Thesis, Universidad Polit\u00e9cnica de Madrid, 2015.<\/li>\n<li>Sergio Gonz\u00e1lez, &#8220;Evaluaci\u00f3n de mecanismos de soporte de tr\u00e1fico multicast con movilidad basada en red&#8221;, B.Sc. Thesis, Universidad Carlos III de Madrid, 2015.<\/li>\n<\/ul>\n\n\n<p><\/p>\n","protected":false},"excerpt":{"rendered":"<p>Lectures Master in SDN and NFV for 5G Networks I am currently Lecturer in the Master in SDN and NFV for 5G Networks, organized by the University Carlos III of Madrid and Ericsson. I lecture in the\u00a0Master&#8217;s courses &#8220;Software Defined Networks (SDN)&#8221;, &#8220;Network Function Virtualization&#8221;, and &#8220;Access and edge networks in 5G&#8221;, providing experience and [&hellip;]<\/p>\n","protected":false},"author":1,"featured_media":0,"parent":0,"menu_order":0,"comment_status":"closed","ping_status":"closed","template":"","meta":[],"_links":{"self":[{"href":"https:\/\/lmcontreras.com\/index.php\/wp-json\/wp\/v2\/pages\/31"}],"collection":[{"href":"https:\/\/lmcontreras.com\/index.php\/wp-json\/wp\/v2\/pages"}],"about":[{"href":"https:\/\/lmcontreras.com\/index.php\/wp-json\/wp\/v2\/types\/page"}],"author":[{"embeddable":true,"href":"https:\/\/lmcontreras.com\/index.php\/wp-json\/wp\/v2\/users\/1"}],"replies":[{"embeddable":true,"href":"https:\/\/lmcontreras.com\/index.php\/wp-json\/wp\/v2\/comments?post=31"}],"version-history":[{"count":11,"href":"https:\/\/lmcontreras.com\/index.php\/wp-json\/wp\/v2\/pages\/31\/revisions"}],"predecessor-version":[{"id":519,"href":"https:\/\/lmcontreras.com\/index.php\/wp-json\/wp\/v2\/pages\/31\/revisions\/519"}],"wp:attachment":[{"href":"https:\/\/lmcontreras.com\/index.php\/wp-json\/wp\/v2\/media?parent=31"}],"curies":[{"name":"wp","href":"https:\/\/api.w.org\/{rel}","templated":true}]}}